{"id":1633,"date":"2023-09-06T20:01:10","date_gmt":"2023-09-06T20:01:10","guid":{"rendered":"https:\/\/darkgreen-goat-767816.hostingersite.com\/?post_type=product&#038;p=1633"},"modified":"2025-12-21T12:10:20","modified_gmt":"2025-12-21T12:10:20","slug":"12-months-subscription-with-2-connections","status":"publish","type":"product","link":"https:\/\/etoriptv.com\/fr\/produit\/12-months-subscription-with-2-connections\/","title":{"rendered":"12 Mois Abonnement avec 2 connexions"},"content":{"rendered":"<p>\u2022Contactez-nous par WhatsApp ou par e-mail si vous souhaitez payer avec PayPal.<\/p>\n<p>\u2022 12 Mois<br \/>\n\u2022 Livraison instantan\u00e9e par e-mail<br \/>\n\u2022 Catch Up \/ EPG pour toutes les cha\u00eenes am\u00e9ricaines, canadiennes, britanniques et europ\u00e9ennes<br \/>\n\u2022 Cha\u00eenes GRATUITES et mises \u00e0 jour VOD<br \/>\n\u2022 2 Connexions<br \/>\n\u2022 Compatible avec les appareils tels que les Smart TV, toutes les box TV, les smartphones, les ordinateurs, les tablettes, etc. Un divertissement illimit\u00e9 est \u00e0 votre disposition o\u00f9 que vous alliez et depuis n'importe quel appareil\u00a0!<\/p>","protected":false},"excerpt":{"rendered":"<p>\u2022Contact Us in WhatsApp or Email if you want to pay with PayPal. \u2022 12 Months \u2022 Instant Delivery via Email \u2022 Catch Up \/ EPG For All USA, CANADA, UK and European Channels \u2022 FREE Channels &amp; VOD Updates \u2022 2 Connections \u2022 Compatible with devices such as Smart TVs, all tv boxes, smartphones, [&hellip;]<\/p>","protected":false},"featured_media":1634,"comment_status":"open","ping_status":"closed","template":"","meta":[],"product_brand":[],"product_cat":[15,51],"product_tag":[],"class_list":{"0":"post-1633","1":"product","2":"type-product","3":"status-publish","4":"has-post-thumbnail","6":"product_cat-uncategorized","7":"product_cat-multiroom","9":"first","10":"instock","11":"virtual","12":"purchasable","13":"product-type-simple"},"jetpack_sharing_enabled":true,"_links":{"self":[{"href":"https:\/\/etoriptv.com\/fr\/wp-json\/wp\/v2\/product\/1633","targetHints":{"allow":["GET"]}}],"collection":[{"href":"https:\/\/etoriptv.com\/fr\/wp-json\/wp\/v2\/product"}],"about":[{"href":"https:\/\/etoriptv.com\/fr\/wp-json\/wp\/v2\/types\/product"}],"replies":[{"embeddable":true,"href":"https:\/\/etoriptv.com\/fr\/wp-json\/wp\/v2\/comments?post=1633"}],"wp:featuredmedia":[{"embeddable":true,"href":"https:\/\/etoriptv.com\/fr\/wp-json\/wp\/v2\/media\/1634"}],"wp:attachment":[{"href":"https:\/\/etoriptv.com\/fr\/wp-json\/wp\/v2\/media?parent=1633"}],"wp:term":[{"taxonomy":"product_brand","embeddable":true,"href":"https:\/\/etoriptv.com\/fr\/wp-json\/wp\/v2\/product_brand?post=1633"},{"taxonomy":"product_cat","embeddable":true,"href":"https:\/\/etoriptv.com\/fr\/wp-json\/wp\/v2\/product_cat?post=1633"},{"taxonomy":"product_tag","embeddable":true,"href":"https:\/\/etoriptv.com\/fr\/wp-json\/wp\/v2\/product_tag?post=1633"}],"curies":[{"name":"wp","href":"https:\/\/api.w.org\/{rel}","templated":true}]}}